{"id":2662,"date":"2024-04-27T19:15:50","date_gmt":"2024-04-27T22:15:50","guid":{"rendered":"https:\/\/jornadasnelcf.com\/xiv\/?page_id=2662"},"modified":"2024-05-22T18:04:12","modified_gmt":"2024-05-22T21:04:12","slug":"lecturas-del-argumento","status":"publish","type":"page","link":"https:\/\/jornadasnelcf.com\/xiv\/orientacion\/lecturas-del-argumento\/","title":{"rendered":"Lecturas del Argumento"},"content":{"rendered":"<div class=\"fusion-fullwidth fullwidth-box fusion-builder-row-1 fusion-flex-container has-pattern-background has-mask-background nonhundred-percent-fullwidth non-hundred-percent-height-scrolling\" style=\"--awb-border-radius-top-left:0px;--awb-border-radius-top-right:0px;--awb-border-radius-bottom-right:0px;--awb-border-radius-bottom-left:0px;--awb-margin-top:40px;--awb-margin-bottom:80px;--awb-flex-wrap:wrap;\" ><div class=\"fusion-builder-row fusion-row fusion-flex-align-items-flex-start fusion-flex-content-wrap\" style=\"max-width:1331.2px;margin-left: calc(-4% \/ 2 );margin-right: calc(-4% \/ 2 );\"><div class=\"fusion-layout-column fusion_builder_column fusion-builder-column-0 fusion_builder_column_1_1 1_1 fusion-flex-column\" style=\"--awb-bg-size:cover;--awb-width-large:100%;--awb-margin-top-large:0px;--awb-spacing-right-large:1.92%;--awb-margin-bottom-large:0px;--awb-spacing-left-large:1.92%;--awb-width-medium:100%;--awb-order-medium:0;--awb-spacing-right-medium:1.92%;--awb-spacing-left-medium:1.92%;--awb-width-small:100%;--awb-order-small:0;--awb-spacing-right-small:1.92%;--awb-spacing-left-small:1.92%;\"><div class=\"fusion-column-wrapper fusion-column-has-shadow fusion-flex-justify-content-flex-start fusion-content-layout-column\"><div class=\"fusion-post-cards fusion-post-cards-1 fusion-grid-archive fusion-grid-columns-2\" style=\"--awb-dots-align:center;--awb-columns:2;--awb-active-filter-border-size:3px;--awb-filters-height:36px;\"><ul class=\"fusion-grid fusion-grid-2 fusion-flex-align-items-flex-start fusion-grid-posts-cards\"><li class=\"fusion-layout-column fusion_builder_column fusion-builder-column-1 fusion-flex-column post-card fusion-grid-column fusion-post-cards-grid-column\" style=\"--awb-bg-blend:overlay;--awb-bg-size:cover;--awb-transform:translateY(0px);--awb-transform-hover:translateY(8px);--awb-flex-grow:0;--awb-flex-shrink:0;--awb-flex-grow-medium:0;--awb-flex-shrink-medium:0;--awb-flex-grow-small:0;--awb-flex-shrink-small:0;\" data-scroll-devices=\"small-visibility,medium-visibility,large-visibility\"><div class=\"fusion-column-wrapper fusion-column-has-shadow fusion-flex-justify-content-flex-start fusion-content-layout-column\"><div class=\"fusion-classic-product-image-wrapper fusion-woo-product-image fusion-post-card-image fusion-post-card-image-1 product-images has-aspect-ratio\" data-layout=\"crossfade\" style=\"--awb-margin-bottom:30px;--awb-border-radius-top-right:90px;--awb-aspect-ratio-position:50% 48%;--awb-aspect-ratio:3.3333333333333;\"><a href=\"https:\/\/jornadasnelcf.com\/xiv\/our-projects\/lecturas-del-argumento-4-los-genes-no-son-los-genes\/\" title=\"Lecturas del Argumento #4 &#8211; Los genes no son los genes\"><div class=\"featured-image\">\n\t\t<img decoding=\"async\" width=\"2000\" height=\"2000\" src=\"https:\/\/jornadasnelcf.com\/xiv\/wp-content\/uploads\/sites\/3\/2024\/09\/NEL-Lecturas-del-Argumento-04-Portada.jpg\" class=\"attachment-full size-full lazyload wp-post-image\" alt=\"\" srcset=\"data:image\/svg+xml,%3Csvg%20xmlns%3D%27http%3A%2F%2Fwww.w3.org%2F2000%2Fsvg%27%20width%3D%272000%27%20height%3D%272000%27%20viewBox%3D%270%200%202000%202000%27%3E%3Crect%20width%3D%272000%27%20height%3D%272000%27%20fill-opacity%3D%220%22%2F%3E%3C%2Fsvg%3E\" data-orig-src=\"https:\/\/jornadasnelcf.com\/xiv\/wp-content\/uploads\/sites\/3\/2024\/09\/NEL-Lecturas-del-Argumento-04-Portada.jpg\" data-srcset=\"https:\/\/jornadasnelcf.com\/xiv\/wp-content\/uploads\/sites\/3\/2024\/09\/NEL-Lecturas-del-Argumento-04-Portada-200x200.jpg 200w, https:\/\/jornadasnelcf.com\/xiv\/wp-content\/uploads\/sites\/3\/2024\/09\/NEL-Lecturas-del-Argumento-04-Portada-400x400.jpg 400w, https:\/\/jornadasnelcf.com\/xiv\/wp-content\/uploads\/sites\/3\/2024\/09\/NEL-Lecturas-del-Argumento-04-Portada-600x600.jpg 600w, https:\/\/jornadasnelcf.com\/xiv\/wp-content\/uploads\/sites\/3\/2024\/09\/NEL-Lecturas-del-Argumento-04-Portada-800x800.jpg 800w, https:\/\/jornadasnelcf.com\/xiv\/wp-content\/uploads\/sites\/3\/2024\/09\/NEL-Lecturas-del-Argumento-04-Portada-1200x1200.jpg 1200w, https:\/\/jornadasnelcf.com\/xiv\/wp-content\/uploads\/sites\/3\/2024\/09\/NEL-Lecturas-del-Argumento-04-Portada.jpg 2000w\" data-sizes=\"auto\" \/>\n\t<\/div>\n<\/a><\/div><div class=\"fusion-title title fusion-title-1 fusion-sep-none fusion-title-text fusion-title-size-five\" style=\"--awb-text-color:var(--awb-color4);\"><h5 class=\"fusion-title-heading title-heading-left\" style=\"font-family:&quot;Oswald&quot;;font-style:normal;font-weight:500;margin:0;\"><a href=\"https:\/\/jornadasnelcf.com\/xiv\/our-projects\/lecturas-del-argumento-4-los-genes-no-son-los-genes\/\" class=\"awb-custom-text-color awb-custom-text-hover-color\" target=\"_self\">Lecturas del Argumento #4 &#8211; Los genes no son los genes<\/a><\/h5><\/div><div ><a class=\"fusion-button button-flat button-small button-custom fusion-button-default button-1 fusion-button-default-span fusion-button-default-type\" style=\"--button_accent_color:var(--awb-color5);--button_border_color:var(--awb-color5);--button_accent_hover_color:var(--awb-color1);--button_border_hover_color:var(--awb-color4);--button_border_width-top:1px;--button_border_width-right:1px;--button_border_width-bottom:1px;--button_border_width-left:1px;--button_gradient_top_color:rgba(255,255,255,0);--button_gradient_bottom_color:rgba(255,255,255,0);--button_gradient_top_color_hover:var(--awb-color4);--button_gradient_bottom_color_hover:var(--awb-color4);--button_typography-font-family:&quot;Oswald&quot;;--button_typography-font-style:normal;--button_typography-font-weight:400;\" target=\"_self\" href=\"https:\/\/jornadasnelcf.com\/xiv\/our-projects\/lecturas-del-argumento-4-los-genes-no-son-los-genes\/\"><span class=\"fusion-button-text awb-button__text awb-button__text--default\">AMPLIAR<\/span><\/a><\/div><\/div><\/li>\n<li class=\"fusion-layout-column fusion_builder_column fusion-builder-column-2 fusion-flex-column post-card fusion-grid-column fusion-post-cards-grid-column\" style=\"--awb-bg-blend:overlay;--awb-bg-size:cover;--awb-transform:translateY(0px);--awb-transform-hover:translateY(8px);--awb-flex-grow:0;--awb-flex-shrink:0;--awb-flex-grow-medium:0;--awb-flex-shrink-medium:0;--awb-flex-grow-small:0;--awb-flex-shrink-small:0;\" data-scroll-devices=\"small-visibility,medium-visibility,large-visibility\"><div class=\"fusion-column-wrapper fusion-column-has-shadow fusion-flex-justify-content-flex-start fusion-content-layout-column\"><div class=\"fusion-classic-product-image-wrapper fusion-woo-product-image fusion-post-card-image fusion-post-card-image-1 product-images has-aspect-ratio\" data-layout=\"crossfade\" style=\"--awb-margin-bottom:30px;--awb-border-radius-top-right:90px;--awb-aspect-ratio-position:50% 48%;--awb-aspect-ratio:3.3333333333333;\"><a href=\"https:\/\/jornadasnelcf.com\/xiv\/our-projects\/lecturas-del-argumento-3-del-falo-como-significacion-al-falo-como-funcion\/\" title=\"Lecturas del Argumento #3 &#8211; Del falo como significaci\u00f3n al falo como funci\u00f3n\"><div class=\"featured-image\">\n\t\t<img decoding=\"async\" width=\"2000\" height=\"2000\" src=\"https:\/\/jornadasnelcf.com\/xiv\/wp-content\/uploads\/sites\/3\/2024\/08\/NEL-Lecturas-del-Argumento-03-Portada.jpg\" class=\"attachment-full size-full lazyload wp-post-image\" alt=\"\" srcset=\"data:image\/svg+xml,%3Csvg%20xmlns%3D%27http%3A%2F%2Fwww.w3.org%2F2000%2Fsvg%27%20width%3D%272000%27%20height%3D%272000%27%20viewBox%3D%270%200%202000%202000%27%3E%3Crect%20width%3D%272000%27%20height%3D%272000%27%20fill-opacity%3D%220%22%2F%3E%3C%2Fsvg%3E\" data-orig-src=\"https:\/\/jornadasnelcf.com\/xiv\/wp-content\/uploads\/sites\/3\/2024\/08\/NEL-Lecturas-del-Argumento-03-Portada.jpg\" data-srcset=\"https:\/\/jornadasnelcf.com\/xiv\/wp-content\/uploads\/sites\/3\/2024\/08\/NEL-Lecturas-del-Argumento-03-Portada-200x200.jpg 200w, https:\/\/jornadasnelcf.com\/xiv\/wp-content\/uploads\/sites\/3\/2024\/08\/NEL-Lecturas-del-Argumento-03-Portada-400x400.jpg 400w, https:\/\/jornadasnelcf.com\/xiv\/wp-content\/uploads\/sites\/3\/2024\/08\/NEL-Lecturas-del-Argumento-03-Portada-600x600.jpg 600w, https:\/\/jornadasnelcf.com\/xiv\/wp-content\/uploads\/sites\/3\/2024\/08\/NEL-Lecturas-del-Argumento-03-Portada-800x800.jpg 800w, https:\/\/jornadasnelcf.com\/xiv\/wp-content\/uploads\/sites\/3\/2024\/08\/NEL-Lecturas-del-Argumento-03-Portada-1200x1200.jpg 1200w, https:\/\/jornadasnelcf.com\/xiv\/wp-content\/uploads\/sites\/3\/2024\/08\/NEL-Lecturas-del-Argumento-03-Portada.jpg 2000w\" data-sizes=\"auto\" \/>\n\t<\/div>\n<\/a><\/div><div class=\"fusion-title title fusion-title-2 fusion-sep-none fusion-title-text fusion-title-size-five\" style=\"--awb-text-color:var(--awb-color4);\"><h5 class=\"fusion-title-heading title-heading-left\" style=\"font-family:&quot;Oswald&quot;;font-style:normal;font-weight:500;margin:0;\"><a href=\"https:\/\/jornadasnelcf.com\/xiv\/our-projects\/lecturas-del-argumento-3-del-falo-como-significacion-al-falo-como-funcion\/\" class=\"awb-custom-text-color awb-custom-text-hover-color\" target=\"_self\">Lecturas del Argumento #3 &#8211; Del falo como significaci\u00f3n al falo como funci\u00f3n<\/a><\/h5><\/div><div ><a class=\"fusion-button button-flat button-small button-custom fusion-button-default button-2 fusion-button-default-span fusion-button-default-type\" style=\"--button_accent_color:var(--awb-color5);--button_border_color:var(--awb-color5);--button_accent_hover_color:var(--awb-color1);--button_border_hover_color:var(--awb-color4);--button_border_width-top:1px;--button_border_width-right:1px;--button_border_width-bottom:1px;--button_border_width-left:1px;--button_gradient_top_color:rgba(255,255,255,0);--button_gradient_bottom_color:rgba(255,255,255,0);--button_gradient_top_color_hover:var(--awb-color4);--button_gradient_bottom_color_hover:var(--awb-color4);--button_typography-font-family:&quot;Oswald&quot;;--button_typography-font-style:normal;--button_typography-font-weight:400;\" target=\"_self\" href=\"https:\/\/jornadasnelcf.com\/xiv\/our-projects\/lecturas-del-argumento-3-del-falo-como-significacion-al-falo-como-funcion\/\"><span class=\"fusion-button-text awb-button__text awb-button__text--default\">AMPLIAR<\/span><\/a><\/div><\/div><\/li>\n<li class=\"fusion-layout-column fusion_builder_column fusion-builder-column-3 fusion-flex-column post-card fusion-grid-column fusion-post-cards-grid-column\" style=\"--awb-bg-blend:overlay;--awb-bg-size:cover;--awb-transform:translateY(0px);--awb-transform-hover:translateY(8px);--awb-flex-grow:0;--awb-flex-shrink:0;--awb-flex-grow-medium:0;--awb-flex-shrink-medium:0;--awb-flex-grow-small:0;--awb-flex-shrink-small:0;\" data-scroll-devices=\"small-visibility,medium-visibility,large-visibility\"><div class=\"fusion-column-wrapper fusion-column-has-shadow fusion-flex-justify-content-flex-start fusion-content-layout-column\"><div class=\"fusion-classic-product-image-wrapper fusion-woo-product-image fusion-post-card-image fusion-post-card-image-1 product-images has-aspect-ratio\" data-layout=\"crossfade\" style=\"--awb-margin-bottom:30px;--awb-border-radius-top-right:90px;--awb-aspect-ratio-position:50% 48%;--awb-aspect-ratio:3.3333333333333;\"><a href=\"https:\/\/jornadasnelcf.com\/xiv\/our-projects\/lecturas-del-argumento-2-el-cuerpo-del-nino-psicotico-y-la-funcion-deseo-del-analista-por-jose-fernando-velasquez\/\" title=\"Lecturas del Argumento #2 &#8211; El cuerpo del ni\u00f1o psic\u00f3tico y la funci\u00f3n deseo del analista, por Jos\u00e9 Fernando Vel\u00e1squez\"><div class=\"featured-image\">\n\t\t<img decoding=\"async\" width=\"2000\" height=\"2000\" src=\"https:\/\/jornadasnelcf.com\/xiv\/wp-content\/uploads\/sites\/3\/2024\/07\/NEL-Lecturas-del-Argumento-02-Portada.jpg\" class=\"attachment-full size-full lazyload wp-post-image\" alt=\"\" srcset=\"data:image\/svg+xml,%3Csvg%20xmlns%3D%27http%3A%2F%2Fwww.w3.org%2F2000%2Fsvg%27%20width%3D%272000%27%20height%3D%272000%27%20viewBox%3D%270%200%202000%202000%27%3E%3Crect%20width%3D%272000%27%20height%3D%272000%27%20fill-opacity%3D%220%22%2F%3E%3C%2Fsvg%3E\" data-orig-src=\"https:\/\/jornadasnelcf.com\/xiv\/wp-content\/uploads\/sites\/3\/2024\/07\/NEL-Lecturas-del-Argumento-02-Portada.jpg\" data-srcset=\"https:\/\/jornadasnelcf.com\/xiv\/wp-content\/uploads\/sites\/3\/2024\/07\/NEL-Lecturas-del-Argumento-02-Portada-200x200.jpg 200w, https:\/\/jornadasnelcf.com\/xiv\/wp-content\/uploads\/sites\/3\/2024\/07\/NEL-Lecturas-del-Argumento-02-Portada-400x400.jpg 400w, https:\/\/jornadasnelcf.com\/xiv\/wp-content\/uploads\/sites\/3\/2024\/07\/NEL-Lecturas-del-Argumento-02-Portada-600x600.jpg 600w, https:\/\/jornadasnelcf.com\/xiv\/wp-content\/uploads\/sites\/3\/2024\/07\/NEL-Lecturas-del-Argumento-02-Portada-800x800.jpg 800w, https:\/\/jornadasnelcf.com\/xiv\/wp-content\/uploads\/sites\/3\/2024\/07\/NEL-Lecturas-del-Argumento-02-Portada-1200x1200.jpg 1200w, https:\/\/jornadasnelcf.com\/xiv\/wp-content\/uploads\/sites\/3\/2024\/07\/NEL-Lecturas-del-Argumento-02-Portada.jpg 2000w\" data-sizes=\"auto\" \/>\n\t<\/div>\n<\/a><\/div><div class=\"fusion-title title fusion-title-3 fusion-sep-none fusion-title-text fusion-title-size-five\" style=\"--awb-text-color:var(--awb-color4);\"><h5 class=\"fusion-title-heading title-heading-left\" style=\"font-family:&quot;Oswald&quot;;font-style:normal;font-weight:500;margin:0;\"><a href=\"https:\/\/jornadasnelcf.com\/xiv\/our-projects\/lecturas-del-argumento-2-el-cuerpo-del-nino-psicotico-y-la-funcion-deseo-del-analista-por-jose-fernando-velasquez\/\" class=\"awb-custom-text-color awb-custom-text-hover-color\" target=\"_self\">Lecturas del Argumento #2 &#8211; El cuerpo del ni\u00f1o psic\u00f3tico y la funci\u00f3n deseo del analista, por Jos\u00e9 Fernando Vel\u00e1squez<\/a><\/h5><\/div><div ><a class=\"fusion-button button-flat button-small button-custom fusion-button-default button-3 fusion-button-default-span fusion-button-default-type\" style=\"--button_accent_color:var(--awb-color5);--button_border_color:var(--awb-color5);--button_accent_hover_color:var(--awb-color1);--button_border_hover_color:var(--awb-color4);--button_border_width-top:1px;--button_border_width-right:1px;--button_border_width-bottom:1px;--button_border_width-left:1px;--button_gradient_top_color:rgba(255,255,255,0);--button_gradient_bottom_color:rgba(255,255,255,0);--button_gradient_top_color_hover:var(--awb-color4);--button_gradient_bottom_color_hover:var(--awb-color4);--button_typography-font-family:&quot;Oswald&quot;;--button_typography-font-style:normal;--button_typography-font-weight:400;\" target=\"_self\" href=\"https:\/\/jornadasnelcf.com\/xiv\/our-projects\/lecturas-del-argumento-2-el-cuerpo-del-nino-psicotico-y-la-funcion-deseo-del-analista-por-jose-fernando-velasquez\/\"><span class=\"fusion-button-text awb-button__text awb-button__text--default\">AMPLIAR<\/span><\/a><\/div><\/div><\/li>\n<li class=\"fusion-layout-column fusion_builder_column fusion-builder-column-4 fusion-flex-column post-card fusion-grid-column fusion-post-cards-grid-column\" style=\"--awb-bg-blend:overlay;--awb-bg-size:cover;--awb-transform:translateY(0px);--awb-transform-hover:translateY(8px);--awb-flex-grow:0;--awb-flex-shrink:0;--awb-flex-grow-medium:0;--awb-flex-shrink-medium:0;--awb-flex-grow-small:0;--awb-flex-shrink-small:0;\" data-scroll-devices=\"small-visibility,medium-visibility,large-visibility\"><div class=\"fusion-column-wrapper fusion-column-has-shadow fusion-flex-justify-content-flex-start fusion-content-layout-column\"><div class=\"fusion-classic-product-image-wrapper fusion-woo-product-image fusion-post-card-image fusion-post-card-image-1 product-images has-aspect-ratio\" data-layout=\"crossfade\" style=\"--awb-margin-bottom:30px;--awb-border-radius-top-right:90px;--awb-aspect-ratio-position:50% 48%;--awb-aspect-ratio:3.3333333333333;\"><a href=\"https:\/\/jornadasnelcf.com\/xiv\/our-projects\/lecturas-del-argumento-1-clara-maria-holguin\/\" title=\"Lecturas del Argumento #1 &#8211; Un contrapunto entre Schreber\u00a0&#8211;\u00a0Joyce, por Clara Mar\u00eda Holgu\u00edn\"><div class=\"featured-image\">\n\t\t<img decoding=\"async\" width=\"2000\" height=\"2000\" src=\"https:\/\/jornadasnelcf.com\/xiv\/wp-content\/uploads\/sites\/3\/2024\/05\/NEL-Lecturas-del-Argumento-01-Portada.jpg\" class=\"attachment-full size-full lazyload wp-post-image\" alt=\"\" srcset=\"data:image\/svg+xml,%3Csvg%20xmlns%3D%27http%3A%2F%2Fwww.w3.org%2F2000%2Fsvg%27%20width%3D%272000%27%20height%3D%272000%27%20viewBox%3D%270%200%202000%202000%27%3E%3Crect%20width%3D%272000%27%20height%3D%272000%27%20fill-opacity%3D%220%22%2F%3E%3C%2Fsvg%3E\" data-orig-src=\"https:\/\/jornadasnelcf.com\/xiv\/wp-content\/uploads\/sites\/3\/2024\/05\/NEL-Lecturas-del-Argumento-01-Portada.jpg\" data-srcset=\"https:\/\/jornadasnelcf.com\/xiv\/wp-content\/uploads\/sites\/3\/2024\/05\/NEL-Lecturas-del-Argumento-01-Portada-200x200.jpg 200w, https:\/\/jornadasnelcf.com\/xiv\/wp-content\/uploads\/sites\/3\/2024\/05\/NEL-Lecturas-del-Argumento-01-Portada-400x400.jpg 400w, https:\/\/jornadasnelcf.com\/xiv\/wp-content\/uploads\/sites\/3\/2024\/05\/NEL-Lecturas-del-Argumento-01-Portada-600x600.jpg 600w, https:\/\/jornadasnelcf.com\/xiv\/wp-content\/uploads\/sites\/3\/2024\/05\/NEL-Lecturas-del-Argumento-01-Portada-800x800.jpg 800w, https:\/\/jornadasnelcf.com\/xiv\/wp-content\/uploads\/sites\/3\/2024\/05\/NEL-Lecturas-del-Argumento-01-Portada-1200x1200.jpg 1200w, https:\/\/jornadasnelcf.com\/xiv\/wp-content\/uploads\/sites\/3\/2024\/05\/NEL-Lecturas-del-Argumento-01-Portada.jpg 2000w\" data-sizes=\"auto\" \/>\n\t<\/div>\n<\/a><\/div><div class=\"fusion-title title fusion-title-4 fusion-sep-none fusion-title-text fusion-title-size-five\" style=\"--awb-text-color:var(--awb-color4);\"><h5 class=\"fusion-title-heading title-heading-left\" style=\"font-family:&quot;Oswald&quot;;font-style:normal;font-weight:500;margin:0;\"><a href=\"https:\/\/jornadasnelcf.com\/xiv\/our-projects\/lecturas-del-argumento-1-clara-maria-holguin\/\" class=\"awb-custom-text-color awb-custom-text-hover-color\" target=\"_self\">Lecturas del Argumento #1 &#8211; Un contrapunto entre Schreber\u00a0&#8211;\u00a0Joyce, por Clara Mar\u00eda Holgu\u00edn<\/a><\/h5><\/div><div ><a class=\"fusion-button button-flat button-small button-custom fusion-button-default button-4 fusion-button-default-span fusion-button-default-type\" style=\"--button_accent_color:var(--awb-color5);--button_border_color:var(--awb-color5);--button_accent_hover_color:var(--awb-color1);--button_border_hover_color:var(--awb-color4);--button_border_width-top:1px;--button_border_width-right:1px;--button_border_width-bottom:1px;--button_border_width-left:1px;--button_gradient_top_color:rgba(255,255,255,0);--button_gradient_bottom_color:rgba(255,255,255,0);--button_gradient_top_color_hover:var(--awb-color4);--button_gradient_bottom_color_hover:var(--awb-color4);--button_typography-font-family:&quot;Oswald&quot;;--button_typography-font-style:normal;--button_typography-font-weight:400;\" target=\"_self\" href=\"https:\/\/jornadasnelcf.com\/xiv\/our-projects\/lecturas-del-argumento-1-clara-maria-holguin\/\"><span class=\"fusion-button-text awb-button__text awb-button__text--default\">AMPLIAR<\/span><\/a><\/div><\/div><\/li>\n<\/ul><\/div><\/div><\/div><\/div><\/div>\n","protected":false},"excerpt":{"rendered":"","protected":false},"author":1,"featured_media":0,"parent":2241,"menu_order":2,"comment_status":"closed","ping_status":"closed","template":"","meta":{"footnotes":""},"class_list":["post-2662","page","type-page","status-publish","hentry"],"_links":{"self":[{"href":"https:\/\/jornadasnelcf.com\/xiv\/wp-json\/wp\/v2\/pages\/2662","targetHints":{"allow":["GET"]}}],"collection":[{"href":"https:\/\/jornadasnelcf.com\/xiv\/wp-json\/wp\/v2\/pages"}],"about":[{"href":"https:\/\/jornadasnelcf.com\/xiv\/wp-json\/wp\/v2\/types\/page"}],"author":[{"embeddable":true,"href":"https:\/\/jornadasnelcf.com\/xiv\/wp-json\/wp\/v2\/users\/1"}],"replies":[{"embeddable":true,"href":"https:\/\/jornadasnelcf.com\/xiv\/wp-json\/wp\/v2\/comments?post=2662"}],"version-history":[{"count":4,"href":"https:\/\/jornadasnelcf.com\/xiv\/wp-json\/wp\/v2\/pages\/2662\/revisions"}],"predecessor-version":[{"id":2759,"href":"https:\/\/jornadasnelcf.com\/xiv\/wp-json\/wp\/v2\/pages\/2662\/revisions\/2759"}],"up":[{"embeddable":true,"href":"https:\/\/jornadasnelcf.com\/xiv\/wp-json\/wp\/v2\/pages\/2241"}],"wp:attachment":[{"href":"https:\/\/jornadasnelcf.com\/xiv\/wp-json\/wp\/v2\/media?parent=2662"}],"curies":[{"name":"wp","href":"https:\/\/api.w.org\/{rel}","templated":true}]}}