{"id":2294,"date":"2024-03-13T19:28:33","date_gmt":"2024-03-13T22:28:33","guid":{"rendered":"https:\/\/jornadasnelcf.com\/xiv\/?page_id=2294"},"modified":"2024-10-24T18:29:16","modified_gmt":"2024-10-24T21:29:16","slug":"libreria","status":"publish","type":"page","link":"https:\/\/jornadasnelcf.com\/xiv\/levanta-campamento\/libreria\/","title":{"rendered":"Librer\u00eda"},"content":{"rendered":"<p><div class=\"fusion-fullwidth fullwidth-box fusion-builder-row-1 fusion-flex-container has-pattern-background has-mask-background nonhundred-percent-fullwidth non-hundred-percent-height-scrolling\" style=\"--awb-border-radius-top-left:0px;--awb-border-radius-top-right:0px;--awb-border-radius-bottom-right:0px;--awb-border-radius-bottom-left:0px;--awb-flex-wrap:wrap;\" ><div class=\"fusion-builder-row fusion-row fusion-flex-align-items-flex-start fusion-flex-content-wrap\" style=\"max-width:1331.2px;margin-left: calc(-4% \/ 2 );margin-right: calc(-4% \/ 2 );\"><div class=\"fusion-layout-column fusion_builder_column fusion-builder-column-0 fusion_builder_column_1_1 1_1 fusion-flex-column\" style=\"--awb-bg-size:cover;--awb-width-large:100%;--awb-margin-top-large:0px;--awb-spacing-right-large:1.92%;--awb-margin-bottom-large:20px;--awb-spacing-left-large:1.92%;--awb-width-medium:100%;--awb-order-medium:0;--awb-spacing-right-medium:1.92%;--awb-spacing-left-medium:1.92%;--awb-width-small:100%;--awb-order-small:0;--awb-spacing-right-small:1.92%;--awb-spacing-left-small:1.92%;\"><div class=\"fusion-column-wrapper fusion-column-has-shadow fusion-flex-justify-content-flex-start fusion-content-layout-column\"><div class=\"fusion-image-element \" style=\"text-align:left;--awb-caption-title-font-family:var(--h2_typography-font-family);--awb-caption-title-font-weight:var(--h2_typography-font-weight);--awb-caption-title-font-style:var(--h2_typography-font-style);--awb-caption-title-size:var(--h2_typography-font-size);--awb-caption-title-transform:var(--h2_typography-text-transform);--awb-caption-title-line-height:var(--h2_typography-line-height);--awb-caption-title-letter-spacing:var(--h2_typography-letter-spacing);\"><span class=\" fusion-imageframe imageframe-none imageframe-1 hover-type-none\"><img decoding=\"async\" width=\"1280\" height=\"720\" title=\"Librer\u00eda durante las jornadas\" src=\"https:\/\/jornadasnelcf.com\/xiv\/wp-content\/uploads\/sites\/3\/2024\/10\/Libreria-durante-las-jornadas-1.jpg\" data-orig-src=\"https:\/\/jornadasnelcf.com\/xiv\/wp-content\/uploads\/sites\/3\/2024\/10\/Libreria-durante-las-jornadas-1.jpg\" alt class=\"lazyload img-responsive wp-image-3255\" srcset=\"data:image\/svg+xml,%3Csvg%20xmlns%3D%27http%3A%2F%2Fwww.w3.org%2F2000%2Fsvg%27%20width%3D%271280%27%20height%3D%27720%27%20viewBox%3D%270%200%201280%20720%27%3E%3Crect%20width%3D%271280%27%20height%3D%27720%27%20fill-opacity%3D%220%22%2F%3E%3C%2Fsvg%3E\" data-srcset=\"https:\/\/jornadasnelcf.com\/xiv\/wp-content\/uploads\/sites\/3\/2024\/10\/Libreria-durante-las-jornadas-1-200x113.jpg 200w, https:\/\/jornadasnelcf.com\/xiv\/wp-content\/uploads\/sites\/3\/2024\/10\/Libreria-durante-las-jornadas-1-400x225.jpg 400w, https:\/\/jornadasnelcf.com\/xiv\/wp-content\/uploads\/sites\/3\/2024\/10\/Libreria-durante-las-jornadas-1-600x338.jpg 600w, https:\/\/jornadasnelcf.com\/xiv\/wp-content\/uploads\/sites\/3\/2024\/10\/Libreria-durante-las-jornadas-1-800x450.jpg 800w, https:\/\/jornadasnelcf.com\/xiv\/wp-content\/uploads\/sites\/3\/2024\/10\/Libreria-durante-las-jornadas-1-1200x675.jpg 1200w, https:\/\/jornadasnelcf.com\/xiv\/wp-content\/uploads\/sites\/3\/2024\/10\/Libreria-durante-las-jornadas-1.jpg 1280w\" data-sizes=\"auto\" data-orig-sizes=\"(max-width: 820px) 100vw, 1280px\" \/><\/span><\/div><div class=\"fusion-separator fusion-full-width-sep\" style=\"align-self: center;margin-left: auto;margin-right: auto;margin-top:20px;margin-bottom:20px;width:100%;\"><\/div><div class=\"fusion-reading-box-container reading-box-container-1\" style=\"--awb-title-color:var(--awb-color8);--awb-margin-top:0px;--awb-margin-bottom:20px;\"><div class=\"reading-box\" style=\"background-color:var(--awb-custom_color_1);border-width:1px;border-color:rgba(226,226,226,0);border-left-width:3px;border-left-color:var(--primary_color);border-style:solid;\"><div class=\"fusion-reading-box-flex\"><h2>Listado de libros y precios<\/h2><a class=\"button fusion-button button-default fusion-button-small button-small button-flat fusion-desktop-button fusion-tagline-button continue continue-right\" style=\"-webkit-box-shadow:none;-moz-box-shadow:none;box-shadow:none;border-radius:0px 0px 0px 0px\" href=\"https:\/\/jornadasnelcf.com\/xiv\/wp-content\/uploads\/sites\/3\/2024\/10\/LISTADO-DE-LIBROS-Y-PRECIOS.pdf\" target=\"_blank\" rel=\"noopener noreferrer\"><span>AMPLIAR<\/span><\/a><\/div><a class=\"button fusion-button button-default fusion-button-small button-small button-flat fusion-mobile-button continue-right\" style=\"-webkit-box-shadow:none;-moz-box-shadow:none;box-shadow:none;border-radius:0px 0px 0px 0px\" href=\"https:\/\/jornadasnelcf.com\/xiv\/wp-content\/uploads\/sites\/3\/2024\/10\/LISTADO-DE-LIBROS-Y-PRECIOS.pdf\" target=\"_blank\" rel=\"noopener noreferrer\"><span>AMPLIAR<\/span><\/a><\/div><\/div><\/div><\/div><\/div><\/div><div class=\"fusion-fullwidth fullwidth-box fusion-builder-row-2 fusion-flex-container has-pattern-background has-mask-background nonhundred-percent-fullwidth non-hundred-percent-height-scrolling\" style=\"--awb-border-radius-top-left:0px;--awb-border-radius-top-right:0px;--awb-border-radius-bottom-right:0px;--awb-border-radius-bottom-left:0px;--awb-margin-top:20px;--awb-flex-wrap:wrap;\" ><div class=\"fusion-builder-row fusion-row fusion-flex-align-items-flex-start fusion-flex-content-wrap\" style=\"max-width:1331.2px;margin-left: calc(-4% \/ 2 );margin-right: calc(-4% \/ 2 );\"><div class=\"fusion-layout-column fusion_builder_column fusion-builder-column-1 fusion_builder_column_1_1 1_1 fusion-flex-column\" style=\"--awb-bg-size:cover;--awb-width-large:100%;--awb-margin-top-large:0px;--awb-spacing-right-large:1.92%;--awb-margin-bottom-large:20px;--awb-spacing-left-large:1.92%;--awb-width-medium:100%;--awb-order-medium:0;--awb-spacing-right-medium:1.92%;--awb-spacing-left-medium:1.92%;--awb-width-small:100%;--awb-order-small:0;--awb-spacing-right-small:1.92%;--awb-spacing-left-small:1.92%;\"><div class=\"fusion-column-wrapper fusion-column-has-shadow fusion-flex-justify-content-flex-start fusion-content-layout-column\"><div class=\"fusion-image-element \" style=\"text-align:left;--awb-max-width:300px;--awb-caption-title-font-family:var(--h2_typography-font-family);--awb-caption-title-font-weight:var(--h2_typography-font-weight);--awb-caption-title-font-style:var(--h2_typography-font-style);--awb-caption-title-size:var(--h2_typography-font-size);--awb-caption-title-transform:var(--h2_typography-text-transform);--awb-caption-title-line-height:var(--h2_typography-line-height);--awb-caption-title-letter-spacing:var(--h2_typography-letter-spacing);\"><span class=\" fusion-imageframe imageframe-none imageframe-2 hover-type-none\"><img decoding=\"async\" width=\"1128\" height=\"607\" title=\"NEL &#8211; Logo Bricollage\" src=\"https:\/\/jornadasnelcf.com\/xiv\/wp-content\/uploads\/sites\/3\/2024\/10\/NEL-Logo-Bricollage.png\" data-orig-src=\"https:\/\/jornadasnelcf.com\/xiv\/wp-content\/uploads\/sites\/3\/2024\/10\/NEL-Logo-Bricollage.png\" alt class=\"lazyload img-responsive wp-image-3183\" srcset=\"data:image\/svg+xml,%3Csvg%20xmlns%3D%27http%3A%2F%2Fwww.w3.org%2F2000%2Fsvg%27%20width%3D%271128%27%20height%3D%27607%27%20viewBox%3D%270%200%201128%20607%27%3E%3Crect%20width%3D%271128%27%20height%3D%27607%27%20fill-opacity%3D%220%22%2F%3E%3C%2Fsvg%3E\" data-srcset=\"https:\/\/jornadasnelcf.com\/xiv\/wp-content\/uploads\/sites\/3\/2024\/10\/NEL-Logo-Bricollage-200x108.png 200w, https:\/\/jornadasnelcf.com\/xiv\/wp-content\/uploads\/sites\/3\/2024\/10\/NEL-Logo-Bricollage-400x215.png 400w, https:\/\/jornadasnelcf.com\/xiv\/wp-content\/uploads\/sites\/3\/2024\/10\/NEL-Logo-Bricollage-600x323.png 600w, https:\/\/jornadasnelcf.com\/xiv\/wp-content\/uploads\/sites\/3\/2024\/10\/NEL-Logo-Bricollage-800x430.png 800w, https:\/\/jornadasnelcf.com\/xiv\/wp-content\/uploads\/sites\/3\/2024\/10\/NEL-Logo-Bricollage.png 1128w\" data-sizes=\"auto\" data-orig-sizes=\"(max-width: 820px) 100vw, 1128px\" \/><\/span><\/div><div class=\"fusion-separator fusion-full-width-sep\" style=\"align-self: center;margin-left: auto;margin-right: auto;margin-top:20px;margin-bottom:20px;width:100%;\"><\/div><div class=\"fusion-text fusion-text-1\"><p style=\"text-align: justify;\">Al mejor estilo del <strong>Bricollage <\/strong>de Joyce, Schreber o a\u00fan de Lacan, podr\u00e1n encontrar el ofrecimiento de librer\u00edas diferentes con sorpresas y descuentos exclusivos para los inscritos a las Jornadas, incluso, \u00a1para los inscritos v\u00eda internet!: Algunas de las librer\u00edas de las Secciones de la NEL, la del INES, Xoroi, Buscalibre y una librer\u00eda independiente.<\/p>\n<p style=\"text-align: justify;\"><strong>\u00bfQu\u00e9 encontraremos? <\/strong><\/p>\n<ul>\n<li style=\"text-align: justify;\">Bit\u00e1coras lacanianas: antiguas y recientes<\/li>\n<li style=\"text-align: justify;\">Cuadernos del INES<\/li>\n<li style=\"text-align: justify;\">Libros de psicoan\u00e1lisis cl\u00e1sicos, recientes y algunas perlas que ya no se encuentran en librer\u00edas.<\/li>\n<li style=\"text-align: justify;\">Testimonios de sujetos psic\u00f3ticos y autistas<\/li>\n<li style=\"text-align: justify;\">Literatura de todos los tiempos y muchas otras sorpresas m\u00e1s<\/li>\n<\/ul>\n<p style=\"text-align: justify;\">\u00a1Pr\u00f3ximamente estaremos informando con m\u00e1s detalles!<\/p>\n<p style=\"text-align: justify;\">\u00a1Bricollage, el lugar de las letras en nuestras Jornadas! \u00a1No te la pierdas!<\/p>\n<\/div><\/div><\/div><\/div><\/div><\/p>\n","protected":false},"excerpt":{"rendered":"","protected":false},"author":1,"featured_media":0,"parent":2284,"menu_order":3,"comment_status":"closed","ping_status":"closed","template":"","meta":{"footnotes":""},"class_list":["post-2294","page","type-page","status-publish","hentry"],"_links":{"self":[{"href":"https:\/\/jornadasnelcf.com\/xiv\/wp-json\/wp\/v2\/pages\/2294","targetHints":{"allow":["GET"]}}],"collection":[{"href":"https:\/\/jornadasnelcf.com\/xiv\/wp-json\/wp\/v2\/pages"}],"about":[{"href":"https:\/\/jornadasnelcf.com\/xiv\/wp-json\/wp\/v2\/types\/page"}],"author":[{"embeddable":true,"href":"https:\/\/jornadasnelcf.com\/xiv\/wp-json\/wp\/v2\/users\/1"}],"replies":[{"embeddable":true,"href":"https:\/\/jornadasnelcf.com\/xiv\/wp-json\/wp\/v2\/comments?post=2294"}],"version-history":[{"count":10,"href":"https:\/\/jornadasnelcf.com\/xiv\/wp-json\/wp\/v2\/pages\/2294\/revisions"}],"predecessor-version":[{"id":3256,"href":"https:\/\/jornadasnelcf.com\/xiv\/wp-json\/wp\/v2\/pages\/2294\/revisions\/3256"}],"up":[{"embeddable":true,"href":"https:\/\/jornadasnelcf.com\/xiv\/wp-json\/wp\/v2\/pages\/2284"}],"wp:attachment":[{"href":"https:\/\/jornadasnelcf.com\/xiv\/wp-json\/wp\/v2\/media?parent=2294"}],"curies":[{"name":"wp","href":"https:\/\/api.w.org\/{rel}","templated":true}]}}