{"id":2264,"date":"2024-03-13T19:19:12","date_gmt":"2024-03-13T22:19:12","guid":{"rendered":"https:\/\/jornadasnelcf.com\/xiv\/?page_id=2264"},"modified":"2024-06-21T21:35:08","modified_gmt":"2024-06-22T00:35:08","slug":"afiche","status":"publish","type":"page","link":"https:\/\/jornadasnelcf.com\/xiv\/jornadas\/afiche\/","title":{"rendered":"Afiche"},"content":{"rendered":"<p><div class=\"fusion-fullwidth fullwidth-box fusion-builder-row-1 fusion-flex-container has-pattern-background has-mask-background nonhundred-percent-fullwidth non-hundred-percent-height-scrolling\" style=\"--awb-border-radius-top-left:0px;--awb-border-radius-top-right:0px;--awb-border-radius-bottom-right:0px;--awb-border-radius-bottom-left:0px;--awb-flex-wrap:wrap;\" ><div class=\"fusion-builder-row fusion-row fusion-flex-align-items-flex-start fusion-flex-justify-content-center fusion-flex-content-wrap\" style=\"max-width:1331.2px;margin-left: calc(-4% \/ 2 );margin-right: calc(-4% \/ 2 );\"><div class=\"fusion-layout-column fusion_builder_column fusion-builder-column-0 fusion_builder_column_1_2 1_2 fusion-flex-column\" style=\"--awb-bg-size:cover;--awb-width-large:50%;--awb-margin-top-large:0px;--awb-spacing-right-large:3.84%;--awb-margin-bottom-large:20px;--awb-spacing-left-large:3.84%;--awb-width-medium:50%;--awb-order-medium:0;--awb-spacing-right-medium:3.84%;--awb-spacing-left-medium:3.84%;--awb-width-small:100%;--awb-order-small:0;--awb-spacing-right-small:1.92%;--awb-spacing-left-small:1.92%;\" data-scroll-devices=\"small-visibility,medium-visibility,large-visibility\"><div class=\"fusion-column-wrapper fusion-column-has-shadow fusion-flex-justify-content-flex-start fusion-content-layout-column\"><div class=\"fusion-image-element \" style=\"--awb-caption-title-font-family:var(--h2_typography-font-family);--awb-caption-title-font-weight:var(--h2_typography-font-weight);--awb-caption-title-font-style:var(--h2_typography-font-style);--awb-caption-title-size:var(--h2_typography-font-size);--awb-caption-title-transform:var(--h2_typography-text-transform);--awb-caption-title-line-height:var(--h2_typography-line-height);--awb-caption-title-letter-spacing:var(--h2_typography-letter-spacing);\"><span class=\" fusion-imageframe imageframe-none imageframe-1 hover-type-none\"><a href=\"https:\/\/jornadasnelcf.com\/xiv\/wp-content\/uploads\/sites\/3\/2024\/06\/NELcf-Jornadas-2024-Redes-Invitadas-01.jpg\" class=\"fusion-lightbox\" data-rel=\"iLightbox[4be5e8dc975723f8f61]\" data-title=\"NELcf &#8211; Jornadas 2024 Redes Invitadas 01\" title=\"NELcf &#8211; Jornadas 2024 Redes Invitadas 01\"><img decoding=\"async\" width=\"2000\" height=\"2500\" src=\"https:\/\/jornadasnelcf.com\/xiv\/wp-content\/uploads\/sites\/3\/2024\/06\/NELcf-Jornadas-2024-Redes-Invitadas-01.jpg\" data-orig-src=\"https:\/\/jornadasnelcf.com\/xiv\/wp-content\/uploads\/sites\/3\/2024\/06\/NELcf-Jornadas-2024-Redes-Invitadas-01.jpg\" alt class=\"lazyload img-responsive wp-image-2950\" srcset=\"data:image\/svg+xml,%3Csvg%20xmlns%3D%27http%3A%2F%2Fwww.w3.org%2F2000%2Fsvg%27%20width%3D%272000%27%20height%3D%272500%27%20viewBox%3D%270%200%202000%202500%27%3E%3Crect%20width%3D%272000%27%20height%3D%272500%27%20fill-opacity%3D%220%22%2F%3E%3C%2Fsvg%3E\" data-srcset=\"https:\/\/jornadasnelcf.com\/xiv\/wp-content\/uploads\/sites\/3\/2024\/06\/NELcf-Jornadas-2024-Redes-Invitadas-01-200x250.jpg 200w, https:\/\/jornadasnelcf.com\/xiv\/wp-content\/uploads\/sites\/3\/2024\/06\/NELcf-Jornadas-2024-Redes-Invitadas-01-400x500.jpg 400w, https:\/\/jornadasnelcf.com\/xiv\/wp-content\/uploads\/sites\/3\/2024\/06\/NELcf-Jornadas-2024-Redes-Invitadas-01-600x750.jpg 600w, https:\/\/jornadasnelcf.com\/xiv\/wp-content\/uploads\/sites\/3\/2024\/06\/NELcf-Jornadas-2024-Redes-Invitadas-01-800x1000.jpg 800w, https:\/\/jornadasnelcf.com\/xiv\/wp-content\/uploads\/sites\/3\/2024\/06\/NELcf-Jornadas-2024-Redes-Invitadas-01-1200x1500.jpg 1200w, https:\/\/jornadasnelcf.com\/xiv\/wp-content\/uploads\/sites\/3\/2024\/06\/NELcf-Jornadas-2024-Redes-Invitadas-01.jpg 2000w\" data-sizes=\"auto\" data-orig-sizes=\"(max-width: 820px) 100vw, 800px\" \/><\/a><\/span><\/div><\/div><\/div><\/div><\/div><div class=\"fusion-fullwidth fullwidth-box fusion-builder-row-2 fusion-flex-container has-pattern-background has-mask-background nonhundred-percent-fullwidth non-hundred-percent-height-scrolling\" style=\"--awb-border-radius-top-left:0px;--awb-border-radius-top-right:0px;--awb-border-radius-bottom-right:0px;--awb-border-radius-bottom-left:0px;--awb-margin-top:20px;--awb-flex-wrap:wrap;\" ><div class=\"fusion-builder-row fusion-row fusion-flex-align-items-flex-start fusion-flex-content-wrap\" style=\"max-width:1331.2px;margin-left: calc(-4% \/ 2 );margin-right: calc(-4% \/ 2 );\"><div class=\"fusion-layout-column fusion_builder_column fusion-builder-column-1 fusion_builder_column_1_1 1_1 fusion-flex-column\" style=\"--awb-bg-size:cover;--awb-width-large:100%;--awb-margin-top-large:0px;--awb-spacing-right-large:1.92%;--awb-margin-bottom-large:20px;--awb-spacing-left-large:1.92%;--awb-width-medium:100%;--awb-order-medium:0;--awb-spacing-right-medium:1.92%;--awb-spacing-left-medium:1.92%;--awb-width-small:100%;--awb-order-small:0;--awb-spacing-right-small:1.92%;--awb-spacing-left-small:1.92%;\"><div class=\"fusion-column-wrapper fusion-column-has-shadow fusion-flex-justify-content-flex-start fusion-content-layout-column\"><div class=\"accordian fusion-accordian\" style=\"--awb-border-size:1px;--awb-icon-size:16px;--awb-content-font-size:var(--awb-typography4-font-size);--awb-icon-alignment:left;--awb-hover-color:var(--awb-color2);--awb-border-color:var(--awb-color3);--awb-background-color:var(--awb-color1);--awb-divider-color:var(--awb-color3);--awb-divider-hover-color:var(--awb-color3);--awb-icon-color:var(--awb-color1);--awb-title-color:var(--awb-color8);--awb-content-color:var(--awb-color8);--awb-icon-box-color:var(--awb-color8);--awb-toggle-hover-accent-color:var(--awb-color5);--awb-title-font-family:var(--awb-typography1-font-family);--awb-title-font-weight:var(--awb-typography1-font-weight);--awb-title-font-style:var(--awb-typography1-font-style);--awb-title-font-size:24px;--awb-content-font-family:&quot;Oswald&quot;;--awb-content-font-style:normal;--awb-content-font-weight:300;\"><div class=\"panel-group fusion-toggle-icon-boxed\" id=\"accordion-2264-1\"><div class=\"fusion-panel panel-default panel-e3602f6b277a2639b fusion-toggle-has-divider\" style=\"--awb-title-color:var(--awb-color8);--awb-content-color:var(--awb-color8);\"><div class=\"panel-heading\"><h4 class=\"panel-title toggle\" id=\"toggle_e3602f6b277a2639b\"><a aria-expanded=\"false\" aria-controls=\"e3602f6b277a2639b\" role=\"button\" data-toggle=\"collapse\" data-parent=\"#accordion-2264-1\" data-target=\"#e3602f6b277a2639b\" href=\"#e3602f6b277a2639b\"><span class=\"fusion-toggle-icon-wrapper\" aria-hidden=\"true\"><i class=\"fa-fusion-box active-icon awb-icon-minus\" aria-hidden=\"true\"><\/i><i class=\"fa-fusion-box inactive-icon awb-icon-plus\" aria-hidden=\"true\"><\/i><\/span><span class=\"fusion-toggle-heading\">RESE\u00d1A DE LA OBRA<\/span><\/a><\/h4><\/div><div id=\"e3602f6b277a2639b\" class=\"panel-collapse collapse \" aria-labelledby=\"toggle_e3602f6b277a2639b\"><div class=\"panel-body toggle-content fusion-clearfix\">\n<ul>\n<li style=\"text-align: justify;\"><strong>T\u00edtulo<\/strong>: Bricolage<\/li>\n<li style=\"text-align: justify;\"><strong>T\u00e9cnica<\/strong>: Mixta, acuarela sobre papel algod\u00f3n, papel carb\u00f3n y collage.<\/li>\n<li style=\"text-align: justify;\"><strong>A\u00f1o<\/strong>: 2024. Obra creada para las XIV Jornadas de la NELcf: \u201cEl cuerpo en las psicosis\u201d<\/li>\n<\/ul>\n<p style=\"text-align: justify;\">\u201cEl cuerpo en las psicosis es el disparador para la construcci\u00f3n de esta obra. Encomendada a buscar una imagen viva, simple y directa, que haga alusi\u00f3n al tema en cuesti\u00f3n.\u00a0 Dejo caer la tinta carm\u00edn sobre la superficie y ella va tomando caminos, a\u00f1ado agua surgen diferentes densidades, me pliego, justo ah\u00ed va emergiendo un cuerpo vivo. Recorto piezas que a\u00fan est\u00e1n sueltas, escribo de manera autom\u00e1tica peque\u00f1os garabatos, libres que se van encadenando, silencio, lentitud, mientras cada pieza va tomando un lugar.<\/p>\n<p style=\"text-align: justify;\">Un cuerpo vivo, carne en un movimiento danzante delineado con irregulares l\u00edmites y tonos carmines, no sin la presencia del negro, inerte plano recortado, vaciado, desalojado, llaga abierta que no logra suturarse, intentos infructuosos de producir una caligraf\u00eda cuya impronta alude a una cierta escritura a realizarse que no se sabe de cuantas formas incongruentes, disyuntas pero posibles puede advenir.<\/p>\n<p style=\"text-align: justify;\">Un cuerpo puede oficiar, no sin un Otro que le convenga, en el ejercicio de una construcci\u00f3n de arreglos a veces apremiantes, en ocasiones fugaces o incongruentes gestando o gestionando alg\u00fan lugar m\u00e1s humano para habitar el mundo\u201d (Mar\u00eda del Pilar Cuellar, 2024)<\/p>\n<h4><strong>Acerca de la autora<\/strong><\/h4>\n<p><strong>Mar\u00eda del Pilar Cu\u00e9llar<\/strong>\u00a0es Artista Pl\u00e1stica, asociada a la NEL<em>cf<\/em>\u00a0Secci\u00f3n Bogot\u00e1, practicante del psicoan\u00e1lisis en la Iniciativa Borde en Bogot\u00e1, Colombia.<\/p>\n<p>\u201cEn mi ejercicio, el dibujo ha sido un espacio de reflexi\u00f3n para hablar del paso del tiempo, de inestabilidad y fugacidad. Un mundo de seres fr\u00e1giles, simples, inacabados. La obra sugiere un despliegue de carne para extraer emociones crudas y naturalezas contradictorias, hechuras de manchas y l\u00edneas que se tejen en superficies superpuestas\u201d (Mar\u00eda del Pilar Cu\u00e9llar)<\/p>\n<\/div><\/div><\/div><\/div><\/div><\/div><\/div><\/div><\/div><\/p>\n","protected":false},"excerpt":{"rendered":"","protected":false},"author":1,"featured_media":0,"parent":2239,"menu_order":1,"comment_status":"closed","ping_status":"closed","template":"","meta":{"footnotes":""},"class_list":["post-2264","page","type-page","status-publish","hentry"],"_links":{"self":[{"href":"https:\/\/jornadasnelcf.com\/xiv\/wp-json\/wp\/v2\/pages\/2264","targetHints":{"allow":["GET"]}}],"collection":[{"href":"https:\/\/jornadasnelcf.com\/xiv\/wp-json\/wp\/v2\/pages"}],"about":[{"href":"https:\/\/jornadasnelcf.com\/xiv\/wp-json\/wp\/v2\/types\/page"}],"author":[{"embeddable":true,"href":"https:\/\/jornadasnelcf.com\/xiv\/wp-json\/wp\/v2\/users\/1"}],"replies":[{"embeddable":true,"href":"https:\/\/jornadasnelcf.com\/xiv\/wp-json\/wp\/v2\/comments?post=2264"}],"version-history":[{"count":23,"href":"https:\/\/jornadasnelcf.com\/xiv\/wp-json\/wp\/v2\/pages\/2264\/revisions"}],"predecessor-version":[{"id":2951,"href":"https:\/\/jornadasnelcf.com\/xiv\/wp-json\/wp\/v2\/pages\/2264\/revisions\/2951"}],"up":[{"embeddable":true,"href":"https:\/\/jornadasnelcf.com\/xiv\/wp-json\/wp\/v2\/pages\/2239"}],"wp:attachment":[{"href":"https:\/\/jornadasnelcf.com\/xiv\/wp-json\/wp\/v2\/media?parent=2264"}],"curies":[{"name":"wp","href":"https:\/\/api.w.org\/{rel}","templated":true}]}}